{"id":90,"date":"2018-04-26T17:24:32","date_gmt":"2018-04-26T15:24:32","guid":{"rendered":"http:\/\/www.ateliercapricorno.net\/dev\/?page_id=90"},"modified":"2018-05-07T13:20:44","modified_gmt":"2018-05-07T11:20:44","slug":"contatti","status":"publish","type":"page","link":"https:\/\/www.ateliercapricorno.net\/dev\/contatti\/","title":{"rendered":"Contatti"},"content":{"rendered":"<p>L\u2019Atelier Capricorno \u00e8 aperto ogni <strong>luned\u00ec e venerd\u00ec dalle 15 alle 18.30<\/strong> e, in occasione di mostre in corso, anche il sabato e la domenica.<\/p>\n<p>Per informazioni contattare<strong> Anny 335 8129631<\/strong> e <strong>Anna 338 8971069<\/strong>.<\/p>\n","protected":false},"excerpt":{"rendered":"<p>L\u2019Atelier Capricorno \u00e8 aperto ogni luned\u00ec e venerd\u00ec dalle 15 alle 18.30 e, in occasione di mostre in corso, anche il sabato e la domenica. Per informazioni contattare Anny 335 8129631 e Anna 338 8971069.<\/p>\n","protected":false},"author":1,"featured_media":0,"parent":0,"menu_order":0,"comment_status":"closed","ping_status":"closed","template":"template_fullwidth.php","meta":{"footnotes":""},"class_list":["post-90","page","type-page","status-publish","hentry"],"_links":{"self":[{"href":"https:\/\/www.ateliercapricorno.net\/dev\/wp-json\/wp\/v2\/pages\/90","targetHints":{"allow":["GET"]}}],"collection":[{"href":"https:\/\/www.ateliercapricorno.net\/dev\/wp-json\/wp\/v2\/pages"}],"about":[{"href":"https:\/\/www.ateliercapricorno.net\/dev\/wp-json\/wp\/v2\/types\/page"}],"author":[{"embeddable":true,"href":"https:\/\/www.ateliercapricorno.net\/dev\/wp-json\/wp\/v2\/users\/1"}],"replies":[{"embeddable":true,"href":"https:\/\/www.ateliercapricorno.net\/dev\/wp-json\/wp\/v2\/comments?post=90"}],"version-history":[{"count":3,"href":"https:\/\/www.ateliercapricorno.net\/dev\/wp-json\/wp\/v2\/pages\/90\/revisions"}],"predecessor-version":[{"id":144,"href":"https:\/\/www.ateliercapricorno.net\/dev\/wp-json\/wp\/v2\/pages\/90\/revisions\/144"}],"wp:attachment":[{"href":"https:\/\/www.ateliercapricorno.net\/dev\/wp-json\/wp\/v2\/media?parent=90"}],"curies":[{"name":"wp","href":"https:\/\/api.w.org\/{rel}","templated":true}]}}